{"id":2478,"date":"2024-05-29T07:29:12","date_gmt":"2024-05-29T07:29:12","guid":{"rendered":"https:\/\/humaneaty.fr\/?page_id=2478"},"modified":"2024-05-29T07:29:12","modified_gmt":"2024-05-29T07:29:12","slug":"mes-conferences","status":"publish","type":"page","link":"https:\/\/humaneaty.fr\/?page_id=2478","title":{"rendered":"Mes conf\u00e9rences"},"content":{"rendered":"<p><div class=\"fusion-fullwidth fullwidth-box fusion-builder-row-1 fusion-flex-container has-pattern-background has-mask-background nonhundred-percent-fullwidth non-hundred-percent-height-scrolling\" style=\"--awb-border-radius-top-left:0px;--awb-border-radius-top-right:0px;--awb-border-radius-bottom-right:0px;--awb-border-radius-bottom-left:0px;--awb-padding-bottom:0px;--awb-background-color:var(--awb-color7);--awb-flex-wrap:wrap;\" ><div class=\"fusion-builder-row fusion-row fusion-flex-align-items-flex-start fusion-flex-content-wrap\" style=\"max-width:1365px;margin-left: calc(-5% \/ 2 );margin-right: calc(-5% \/ 2 );\"><div class=\"fusion-layout-column fusion_builder_column fusion-builder-column-0 fusion_builder_column_1_1 1_1 fusion-flex-column\" style=\"--awb-bg-size:cover;--awb-width-large:100%;--awb-margin-top-large:0px;--awb-spacing-right-large:2.375%;--awb-margin-bottom-large:1px;--awb-spacing-left-large:2.375%;--awb-width-medium:100%;--awb-order-medium:0;--awb-spacing-right-medium:2.375%;--awb-spacing-left-medium:2.375%;--awb-width-small:100%;--awb-order-small:0;--awb-spacing-right-small:2.375%;--awb-spacing-left-small:2.375%;\"><div class=\"fusion-column-wrapper fusion-column-has-shadow fusion-flex-justify-content-flex-start fusion-content-layout-column\"><div class=\"fusion-text fusion-text-1\"><h1 style=\"text-align: center;\"><span style=\"color: #ffffff;\">Mes conf\u00e9rences<\/span><\/h1>\n<\/div><\/div><\/div><\/div><\/div><div class=\"fusion-fullwidth fullwidth-box fusion-builder-row-2 fusion-flex-container has-pattern-background has-mask-background nonhundred-percent-fullwidth non-hundred-percent-height-scrolling\" style=\"--awb-border-radius-top-left:0px;--awb-border-radius-top-right:0px;--awb-border-radius-bottom-right:0px;--awb-border-radius-bottom-left:0px;--awb-padding-top:68px;--awb-flex-wrap:wrap;\" ><div class=\"fusion-builder-row fusion-row fusion-flex-align-items-flex-start fusion-flex-content-wrap\" style=\"max-width:1365px;margin-left: calc(-5% \/ 2 );margin-right: calc(-5% \/ 2 );\"><div class=\"fusion-layout-column fusion_builder_column fusion-builder-column-1 fusion_builder_column_1_1 1_1 fusion-flex-column\" style=\"--awb-bg-size:cover;--awb-width-large:100%;--awb-margin-top-large:0px;--awb-spacing-right-large:2.375%;--awb-margin-bottom-large:20px;--awb-spacing-left-large:2.375%;--awb-width-medium:100%;--awb-order-medium:0;--awb-spacing-right-medium:2.375%;--awb-spacing-left-medium:2.375%;--awb-width-small:100%;--awb-order-small:0;--awb-spacing-right-small:2.375%;--awb-spacing-left-small:2.375%;\"><div class=\"fusion-column-wrapper fusion-column-has-shadow fusion-flex-justify-content-flex-start fusion-content-layout-column\"><div class=\"fusion-testimonials classic awb-speech-bubble-hide fusion-testimonials-1\" style=\"--awb-name-company-text-color:#141617;--awb-name-company-font-size:18px;--awb-name-company-line-height:1.2;--awb-name-company-letter-spacing:0px;--awb-name-company-text-transform:var(--awb-typography5-text-transform);--awb-textcolor:#ffffff;--awb-testimonial-text-font-size:21px;--awb-testimonial-text-line-height:1.5;--awb-testimonial-text-letter-spacing:0px;--awb-testimonial-text-text-transform:var(--awb-typography4-text-transform);--awb-backgroundcolor:var(--awb-custom10);--awb-testimonial-border-style:solid;--awb-testimonial-border-color:var(--awb-color3);--awb-navigation-size:12px;--awb-navigation-color:var(--awb-color1);--awb-border-top-left-radius:8px;--awb-border-top-right-radius:8px;--awb-border-bottom-left-radius:8px;--awb-border-bottom-right-radius:8px;--testimonial-border-width-top:0px;--testimonial-border-width-right:0px;--testimonial-border-width-bottom:0px;--testimonial-border-width-left:0px;--awb-testimonial-text-font-family:&quot;Nunito Sans&quot;;--awb-testimonial-text-font-style:normal;--awb-testimonial-text-font-weight:400;--awb-name-company-font-family:&quot;Nunito Sans&quot;;--awb-name-company-font-style:normal;--awb-name-company-font-weight:400;\" data-random=\"0\" data-speed=\"4000\"><div class=\"reviews\"><div class=\"review active-testimonial avatar-image\" style=\"--awb-avatar-size:64px;\"><blockquote><div class=\"awb-quote awb-testimonial-icon\"><i class=\"awb-t-icon-left fa-quote-left fas\"><\/i><div class=\"awb-quote-content\">\n<p class=\"fusion-title-heading title-heading-left fusion-live-editable medium-editor-element\" role=\"textbox\" contenteditable=\"true\" spellcheck=\"true\" data-inline-parent-cid=\"70\" data-inline-override-color=\"text_color\" data-inline-override-font-size=\"font_size\" data-inline-override-line-height=\"line_height\" data-inline-override-letter-spacing=\"letter_spacing\" data-inline-override-tag=\"size\" data-toolbar=\"full\" data-param=\"element_content\" data-medium-editor-element=\"true\" aria-multiline=\"true\" data-medium-editor-editor-index=\"12\" data-placeholder=\"Your Content Goes Here\" data-medium-focused=\"true\"><span style=\"color: #ffffff;\">Au cours de mes recherches, j&rsquo;ai eu l&rsquo;occasion de r\u00e9aliser de nombreuses communications orale, en France et \u00e0 l\u2019international. Vous \u00eates curieux et souhaitez en savoir plus sur l&rsquo;univers de la socio-anthropologie de l&rsquo;alimentation ? Vous aimeriez organiser une conf\u00e9rence institutionnelle ou grand public ? Vous trouverez ici quelques exemples des th\u00e9matiques abord\u00e9es lors d&rsquo;interventions.<\/span><\/p>\n<\/div><\/div><\/blockquote><div class=\"author\"><span class=\"testimonial-thumbnail\"><img decoding=\"async\" class=\"testimonial-image lazyload\" src=\"data:image\/svg+xml,%3Csvg%20xmlns%3D%27http%3A%2F%2Fwww.w3.org%2F2000%2Fsvg%27%20width%3D%271080%27%20height%3D%271080%27%20viewBox%3D%270%200%201080%201080%27%3E%3Crect%20width%3D%271080%27%20height%3D%271080%27%20fill-opacity%3D%220%22%2F%3E%3C%2Fsvg%3E\" width=\"1080\" height=\"1080\" alt=\"Humaneaty-Sonia-Bouima-Villefranche-sur-Saone-formation-recherche-accompagnement-entreprises\" style=\"--awb-border-radius:50%;\" data-orig-src=\"http:\/\/humaneaty.fr\/wp-content\/uploads\/2024\/04\/Humaneaty-Sonia-Bouima-Villefranche-sur-Saone-formation-recherche-accompagnement-entreprises-1.png\" \/><\/span><span class=\"company-name\"><strong>Sonia Bouima<\/strong><span>, <\/span><a href=\"#\" target=\"_self\"><span>Humaneaty<\/span><\/a><\/span><\/div><\/div><\/div><div class=\"testimonial-pagination\" id=\"fusion-testimonials-1\"><\/div><\/div><\/div><\/div><\/div><\/div><div class=\"fusion-fullwidth fullwidth-box fusion-builder-row-3 fusion-flex-container nonhundred-percent-fullwidth non-hundred-percent-height-scrolling\" style=\"--link_hover_color: #495620;--link_color: #495620;--awb-border-sizes-top:0px;--awb-border-sizes-bottom:0px;--awb-border-sizes-left:0px;--awb-border-sizes-right:0px;--awb-border-radius-top-left:0px;--awb-border-radius-top-right:0px;--awb-border-radius-bottom-right:0px;--awb-border-radius-bottom-left:0px;--awb-padding-top:80px;--awb-padding-right:30px;--awb-padding-bottom:80px;--awb-padding-left:30px;--awb-padding-bottom-medium:50px;--awb-padding-bottom-small:0px;--awb-margin-top:0px;--awb-margin-bottom:0px;--awb-background-color:#dce0d7;--awb-flex-wrap:wrap;\" ><div class=\"fusion-builder-row fusion-row fusion-flex-align-items-flex-start fusion-flex-content-wrap\" style=\"max-width:1352px;margin-left: calc(-4% \/ 2 );margin-right: calc(-4% \/ 2 );\"><div class=\"fusion-layout-column fusion_builder_column fusion-builder-column-2 fusion_builder_column_1_3 1_3 fusion-flex-column\" style=\"--awb-bg-size:cover;--awb-width-large:33.333333333333%;--awb-margin-top-large:0px;--awb-spacing-right-large:5.76%;--awb-margin-bottom-large:20px;--awb-spacing-left-large:5.76%;--awb-width-medium:33.333333333333%;--awb-order-medium:0;--awb-spacing-right-medium:5.76%;--awb-spacing-left-medium:5.76%;--awb-width-small:100%;--awb-order-small:0;--awb-spacing-right-small:1.92%;--awb-spacing-left-small:1.92%;\"><div class=\"fusion-column-wrapper fusion-column-has-shadow fusion-flex-justify-content-flex-start fusion-content-layout-column\"><div class=\"fusion-image-element \" style=\"--awb-caption-title-font-family:var(--h2_typography-font-family);--awb-caption-title-font-weight:var(--h2_typography-font-weight);--awb-caption-title-font-style:var(--h2_typography-font-style);--awb-caption-title-size:var(--h2_typography-font-size);--awb-caption-title-transform:var(--h2_typography-text-transform);--awb-caption-title-line-height:var(--h2_typography-line-height);--awb-caption-title-letter-spacing:var(--h2_typography-letter-spacing);\"><span class=\" fusion-imageframe imageframe-none imageframe-1 hover-type-none\"><img decoding=\"async\" width=\"500\" height=\"500\" title=\"2\" src=\"https:\/\/humaneaty.fr\/wp-content\/uploads\/2024\/05\/2.png\" data-orig-src=\"http:\/\/humaneaty.fr\/wp-content\/uploads\/2024\/05\/2.png\" alt class=\"lazyload img-responsive wp-image-2485\" srcset=\"data:image\/svg+xml,%3Csvg%20xmlns%3D%27http%3A%2F%2Fwww.w3.org%2F2000%2Fsvg%27%20width%3D%27500%27%20height%3D%27500%27%20viewBox%3D%270%200%20500%20500%27%3E%3Crect%20width%3D%27500%27%20height%3D%27500%27%20fill-opacity%3D%220%22%2F%3E%3C%2Fsvg%3E\" data-srcset=\"https:\/\/humaneaty.fr\/wp-content\/uploads\/2024\/05\/2-200x200.png 200w, https:\/\/humaneaty.fr\/wp-content\/uploads\/2024\/05\/2-400x400.png 400w, https:\/\/humaneaty.fr\/wp-content\/uploads\/2024\/05\/2.png 500w\" data-sizes=\"auto\" data-orig-sizes=\"(max-width: 640px) 100vw, 400px\" \/><\/span><\/div><div class=\"fusion-text fusion-text-2\"><h2 style=\"text-align: center;\"><strong>Table ronde<\/strong><\/h2>\n<\/div><div class=\"fusion-text fusion-text-3\"><p style=\"text-align: center;\"> \u00ab S\u00e9curit\u00e9 alimentaire : comprendre pour agir, agir pour comprendre \u00bb<\/p>\n<p style=\"text-align: center;\">Organis\u00e9e par l\u2019Ecole 3A Lyon (f\u00e9vrier 2024)<\/p>\n<\/div><\/div><\/div><div class=\"fusion-layout-column fusion_builder_column fusion-builder-column-3 fusion_builder_column_1_3 1_3 fusion-flex-column\" style=\"--awb-bg-size:cover;--awb-width-large:33.333333333333%;--awb-margin-top-large:0px;--awb-spacing-right-large:5.76%;--awb-margin-bottom-large:20px;--awb-spacing-left-large:5.76%;--awb-width-medium:33.333333333333%;--awb-order-medium:0;--awb-spacing-right-medium:5.76%;--awb-spacing-left-medium:5.76%;--awb-width-small:100%;--awb-order-small:0;--awb-spacing-right-small:1.92%;--awb-spacing-left-small:1.92%;\"><div class=\"fusion-column-wrapper fusion-column-has-shadow fusion-flex-justify-content-flex-start fusion-content-layout-column\"><div class=\"fusion-image-element \" style=\"--awb-caption-title-font-family:var(--h2_typography-font-family);--awb-caption-title-font-weight:var(--h2_typography-font-weight);--awb-caption-title-font-style:var(--h2_typography-font-style);--awb-caption-title-size:var(--h2_typography-font-size);--awb-caption-title-transform:var(--h2_typography-text-transform);--awb-caption-title-line-height:var(--h2_typography-line-height);--awb-caption-title-letter-spacing:var(--h2_typography-letter-spacing);\"><span class=\" fusion-imageframe imageframe-none imageframe-2 hover-type-none\"><img decoding=\"async\" width=\"500\" height=\"500\" title=\"1\" src=\"https:\/\/humaneaty.fr\/wp-content\/uploads\/2024\/05\/1.png\" data-orig-src=\"http:\/\/humaneaty.fr\/wp-content\/uploads\/2024\/05\/1.png\" alt class=\"lazyload img-responsive wp-image-2484\" srcset=\"data:image\/svg+xml,%3Csvg%20xmlns%3D%27http%3A%2F%2Fwww.w3.org%2F2000%2Fsvg%27%20width%3D%27500%27%20height%3D%27500%27%20viewBox%3D%270%200%20500%20500%27%3E%3Crect%20width%3D%27500%27%20height%3D%27500%27%20fill-opacity%3D%220%22%2F%3E%3C%2Fsvg%3E\" data-srcset=\"https:\/\/humaneaty.fr\/wp-content\/uploads\/2024\/05\/1-200x200.png 200w, https:\/\/humaneaty.fr\/wp-content\/uploads\/2024\/05\/1-400x400.png 400w, https:\/\/humaneaty.fr\/wp-content\/uploads\/2024\/05\/1.png 500w\" data-sizes=\"auto\" data-orig-sizes=\"(max-width: 640px) 100vw, 400px\" \/><\/span><\/div><div class=\"fusion-text fusion-text-4\"><h2 style=\"text-align: center;\"><strong>Conf\u00e9rence<\/strong><\/h2>\n<\/div><div class=\"fusion-text fusion-text-5\"><p style=\"text-align: center;\"><strong>\u00ab <\/strong>Alimentation et socialisation des s\u00e9niors \u00bb dans \u00ab Les jeudis de l\u2019alimentation \u00bb<\/p>\n<p style=\"text-align: center;\">Organis\u00e9s par la Chaire TrAlim de l\u2019universit\u00e9 Lyon 2 \u00e0 la Cit\u00e9 de la gastronomie de Lyon (avril 2023)<\/p>\n<\/div><\/div><\/div><div class=\"fusion-layout-column fusion_builder_column fusion-builder-column-4 fusion_builder_column_1_3 1_3 fusion-flex-column\" style=\"--awb-bg-size:cover;--awb-width-large:33.333333333333%;--awb-margin-top-large:0px;--awb-spacing-right-large:5.76%;--awb-margin-bottom-large:20px;--awb-spacing-left-large:5.76%;--awb-width-medium:33.333333333333%;--awb-order-medium:0;--awb-spacing-right-medium:5.76%;--awb-spacing-left-medium:5.76%;--awb-width-small:100%;--awb-order-small:0;--awb-spacing-right-small:1.92%;--awb-spacing-left-small:1.92%;\"><div class=\"fusion-column-wrapper fusion-column-has-shadow fusion-flex-justify-content-flex-start fusion-content-layout-column\"><div class=\"fusion-image-element \" style=\"--awb-caption-title-font-family:var(--h2_typography-font-family);--awb-caption-title-font-weight:var(--h2_typography-font-weight);--awb-caption-title-font-style:var(--h2_typography-font-style);--awb-caption-title-size:var(--h2_typography-font-size);--awb-caption-title-transform:var(--h2_typography-text-transform);--awb-caption-title-line-height:var(--h2_typography-line-height);--awb-caption-title-letter-spacing:var(--h2_typography-letter-spacing);\"><span class=\" fusion-imageframe imageframe-none imageframe-3 hover-type-none\"><img decoding=\"async\" width=\"500\" height=\"500\" title=\"3\" src=\"https:\/\/humaneaty.fr\/wp-content\/uploads\/2024\/05\/3.png\" data-orig-src=\"http:\/\/humaneaty.fr\/wp-content\/uploads\/2024\/05\/3.png\" alt class=\"lazyload img-responsive wp-image-2483\" srcset=\"data:image\/svg+xml,%3Csvg%20xmlns%3D%27http%3A%2F%2Fwww.w3.org%2F2000%2Fsvg%27%20width%3D%27500%27%20height%3D%27500%27%20viewBox%3D%270%200%20500%20500%27%3E%3Crect%20width%3D%27500%27%20height%3D%27500%27%20fill-opacity%3D%220%22%2F%3E%3C%2Fsvg%3E\" data-srcset=\"https:\/\/humaneaty.fr\/wp-content\/uploads\/2024\/05\/3-200x200.png 200w, https:\/\/humaneaty.fr\/wp-content\/uploads\/2024\/05\/3-400x400.png 400w, https:\/\/humaneaty.fr\/wp-content\/uploads\/2024\/05\/3.png 500w\" data-sizes=\"auto\" data-orig-sizes=\"(max-width: 640px) 100vw, 400px\" \/><\/span><\/div><div class=\"fusion-text fusion-text-6\"><h2 style=\"text-align: center;\"><strong>Table ronde<\/strong><\/h2>\n<\/div><div class=\"fusion-text fusion-text-7\"><p style=\"text-align: center;\">Intervention grand t\u00e9moin et table ronde \u00ab Plaisir et sant\u00e9 dans l\u2019assiette de nos s\u00e9niors dans \u00ab Les journ\u00e9es de l\u2019alimentation \u00bb<\/p>\n<p style=\"text-align: center;\">Organis\u00e9es par le D\u00e9partement de la Dr\u00f4me (novembre 2022)<\/p>\n<\/div><\/div><\/div><\/div><\/div><div class=\"fusion-fullwidth fullwidth-box fusion-builder-row-4 fusion-flex-container nonhundred-percent-fullwidth non-hundred-percent-height-scrolling\" style=\"--awb-border-radius-top-left:0px;--awb-border-radius-top-right:0px;--awb-border-radius-bottom-right:0px;--awb-border-radius-bottom-left:0px;--awb-padding-top:25px;--awb-padding-bottom:0px;--awb-margin-top:44px;--awb-margin-bottom:50px;--awb-background-color:var(--awb-color3);--awb-flex-wrap:wrap;\" ><div class=\"fusion-builder-row fusion-row fusion-flex-align-items-flex-start fusion-flex-content-wrap\" style=\"max-width:1365px;margin-left: calc(-5% \/ 2 );margin-right: calc(-5% \/ 2 );\"><div class=\"fusion-layout-column fusion_builder_column fusion-builder-column-5 fusion_builder_column_1_1 1_1 fusion-flex-column\" style=\"--awb-padding-bottom:8px;--awb-bg-size:cover;--awb-width-large:100%;--awb-margin-top-large:0px;--awb-spacing-right-large:2.375%;--awb-margin-bottom-large:0px;--awb-spacing-left-large:2.375%;--awb-width-medium:100%;--awb-order-medium:0;--awb-spacing-right-medium:2.375%;--awb-spacing-left-medium:2.375%;--awb-width-small:100%;--awb-order-small:0;--awb-spacing-right-small:2.375%;--awb-spacing-left-small:2.375%;\"><div class=\"fusion-column-wrapper fusion-column-has-shadow fusion-flex-justify-content-flex-start fusion-content-layout-column\"><div class=\"fusion-text fusion-text-8\"><h2>Autres communications Orales<\/h2>\n<\/div><div class=\"fusion-content-boxes content-boxes columns row fusion-columns-3 fusion-columns-total-3 fusion-content-boxes-1 content-boxes-icon-with-title content-left fusion-delayed-animation\" style=\"--awb-backgroundcolor:#ffffff;--awb-border-radius-top-left:12px;--awb-border-radius-top-right:12px;--awb-border-radius-bottom-right:12px;--awb-border-radius-bottom-left:12px;--awb-body-color:var(--awb-color7);--awb-title-color:var(--awb-color7);--awb-iconcolor:var(--awb-color5);--awb-hover-accent-color:#141617;--awb-circle-hover-accent-color:transparent;--awb-box-shadow:0px 5px 16px 0px rgba(19,21,22,0.05);;\" data-animation-delay=\"300\" data-animationOffset=\"top-into-view\"><div style=\"--awb-backgroundcolor:var(--awb-color1);--awb-iconcolor:var(--awb-color5);\" class=\"fusion-column content-box-column content-box-column content-box-column-1 col-lg-4 col-md-4 col-sm-4 fusion-content-box-hover content-box-column-first-in-row\"><div class=\"col content-box-wrapper content-wrapper-background link-area-link-icon icon-hover-animation-fade fusion-animated\" data-animationType=\"fadeInUp\" data-animationDuration=\"0.3\" data-animationOffset=\"top-into-view\"><div class=\"heading heading-with-icon icon-left\"><div aria-hidden=\"true\" class=\"image\"><img decoding=\"async\" class=\"lazyload\" src=\"data:image\/svg+xml,%3Csvg%20xmlns%3D%27http%3A%2F%2Fwww.w3.org%2F2000%2Fsvg%27%20width%3D%27500%27%20height%3D%27500%27%20viewBox%3D%270%200%20500%20500%27%3E%3Crect%20width%3D%27500%27%20height%3D%27500%27%20fill-opacity%3D%220%22%2F%3E%3C%2Fsvg%3E\" data-orig-src=\"http:\/\/humaneaty.fr\/wp-content\/uploads\/2024\/05\/Design-sans-titre9-150x150.png\" width=\"150\" height=\"150\" alt=\"\" \/><\/div><h2 class=\"content-box-heading\" style=\"--h2_typography-font-size:24px;line-height:29px;\">Conf\u00e9rence<\/h2><\/div><div class=\"fusion-clearfix\"><\/div><div class=\"content-container\">\n<p style=\"text-align: center;\">Conf\u00e9rence \u00abQuand l\u2019alimentation devient nutrition\u00bb dans le s\u00e9minaire sur l\u2019alimentation ent\u00e9rale.<\/p>\n<p style=\"text-align: center;\">Organis\u00e9e par les Hospices civils de Lyon (mars 2021, sept. 2023)<\/p>\n<\/div><\/div><\/div><div style=\"--awb-backgroundcolor:#ffffff;--awb-iconcolor:var(--awb-color5);\" class=\"fusion-column content-box-column content-box-column content-box-column-2 col-lg-4 col-md-4 col-sm-4 fusion-content-box-hover \"><div class=\"col content-box-wrapper content-wrapper-background link-area-link-icon icon-hover-animation-fade fusion-animated\" data-animationType=\"fadeInUp\" data-animationDuration=\"0.3\" data-animationOffset=\"top-into-view\"><div class=\"heading heading-with-icon icon-left\"><div aria-hidden=\"true\" class=\"image\"><img decoding=\"async\" class=\"lazyload\" src=\"data:image\/svg+xml,%3Csvg%20xmlns%3D%27http%3A%2F%2Fwww.w3.org%2F2000%2Fsvg%27%20width%3D%27250%27%20height%3D%27250%27%20viewBox%3D%270%200%20250%20250%27%3E%3Crect%20width%3D%27250%27%20height%3D%27250%27%20fill-opacity%3D%220%22%2F%3E%3C%2Fsvg%3E\" data-orig-src=\"http:\/\/humaneaty.fr\/wp-content\/uploads\/2024\/05\/Design-sans-titre10-150x150.png\" width=\"150\" height=\"150\" alt=\"\" \/><\/div><h2 class=\"content-box-heading\" style=\"--h2_typography-font-size:24px;line-height:29px;\">Atelier<\/h2><\/div><div class=\"fusion-clearfix\"><\/div><div class=\"content-container\">\n<p style=\"text-align: center;\">\u00abHistoires de go\u00fbts : agir avec saveur!\u00bb <\/p>\n<p style=\"text-align: center;\">cor\u00e9alis\u00e9s avec E. Lasserre (ma\u00eetre de conf\u00e9rence en anthropologie \u00e0 l\u2019universit\u00e9 Lyon 1) et N. Guidoum (fondatrice de La cuisine de Nadjette) dans le cadre de l\u2019\u00e9cole d&rsquo;\u00e9t\u00e9 \u00ab Humanit\u00e9s et M\u00e9decines 2018 \u00bb des universit\u00e9s de Shanga\u00ef, Otawa et Lyon (juillet 2018)<\/p>\n<\/div><\/div><\/div><div style=\"--awb-backgroundcolor:#ffffff;--awb-iconcolor:var(--awb-color5);\" class=\"fusion-column content-box-column content-box-column content-box-column-3 col-lg-4 col-md-4 col-sm-4 fusion-content-box-hover content-box-column-last content-box-column-last-in-row\"><div class=\"col content-box-wrapper content-wrapper-background link-area-link-icon icon-hover-animation-fade fusion-animated\" data-animationType=\"fadeInUp\" data-animationDuration=\"0.3\" data-animationOffset=\"top-into-view\"><div class=\"heading heading-with-icon icon-left\"><div aria-hidden=\"true\" class=\"image\"><img decoding=\"async\" class=\"lazyload\" src=\"data:image\/svg+xml,%3Csvg%20xmlns%3D%27http%3A%2F%2Fwww.w3.org%2F2000%2Fsvg%27%20width%3D%27500%27%20height%3D%27500%27%20viewBox%3D%270%200%20500%20500%27%3E%3Crect%20width%3D%27500%27%20height%3D%27500%27%20fill-opacity%3D%220%22%2F%3E%3C%2Fsvg%3E\" data-orig-src=\"http:\/\/humaneaty.fr\/wp-content\/uploads\/2024\/05\/Design-sans-titre9-150x150.png\" width=\"150\" height=\"150\" alt=\"\" \/><\/div><h2 class=\"content-box-heading\" style=\"--h2_typography-font-size:24px;line-height:29px;\">Conf\u00e9rence<\/h2><\/div><div class=\"fusion-clearfix\"><\/div><div class=\"content-container\">\n<p style=\"text-align: center;\">\u00abLa place de l\u2019alimentation \u00e0 l\u2019h\u00f4pital : le cas de la formation des aides-soignants \u00e0 la qualit\u00e9 de service du repas\u00bb dans le cadre du s\u00e9minaire \u00ab S&rsquo;alimenter est-ce se soigner ? \u00bb de la PACES de la facult\u00e9 de m\u00e9decine Lyon-est (oct. 2019).<\/p>\n<p style=\"text-align: center;\">Cor\u00e9alis\u00e9e avec Allirol et L. Mebarki (infirmi\u00e8res r\u00e9f\u00e9rentes nutrition des Hospices civils de Lyon)<\/p>\n<\/div><\/div><\/div><div class=\"fusion-clearfix\"><\/div><\/div><\/div><\/div><\/div><\/div><\/p>\n","protected":false},"excerpt":{"rendered":"","protected":false},"author":2,"featured_media":1319,"parent":0,"menu_order":0,"comment_status":"closed","ping_status":"closed","template":"100-width.php","meta":{"content-type":"","om_disable_all_campaigns":false,"_monsterinsights_skip_tracking":false,"_monsterinsights_sitenote_active":false,"_monsterinsights_sitenote_note":"","_monsterinsights_sitenote_category":0,"footnotes":""},"aioseo_notices":[],"_links":{"self":[{"href":"https:\/\/humaneaty.fr\/index.php?rest_route=\/wp\/v2\/pages\/2478"}],"collection":[{"href":"https:\/\/humaneaty.fr\/index.php?rest_route=\/wp\/v2\/pages"}],"about":[{"href":"https:\/\/humaneaty.fr\/index.php?rest_route=\/wp\/v2\/types\/page"}],"author":[{"embeddable":true,"href":"https:\/\/humaneaty.fr\/index.php?rest_route=\/wp\/v2\/users\/2"}],"replies":[{"embeddable":true,"href":"https:\/\/humaneaty.fr\/index.php?rest_route=%2Fwp%2Fv2%2Fcomments&post=2478"}],"version-history":[{"count":3,"href":"https:\/\/humaneaty.fr\/index.php?rest_route=\/wp\/v2\/pages\/2478\/revisions"}],"predecessor-version":[{"id":2490,"href":"https:\/\/humaneaty.fr\/index.php?rest_route=\/wp\/v2\/pages\/2478\/revisions\/2490"}],"wp:featuredmedia":[{"embeddable":true,"href":"https:\/\/humaneaty.fr\/index.php?rest_route=\/"}],"wp:attachment":[{"href":"https:\/\/humaneaty.fr\/index.php?rest_route=%2Fwp%2Fv2%2Fmedia&parent=2478"}],"curies":[{"name":"wp","href":"https:\/\/api.w.org\/{rel}","templated":true}]}}